{"id":16,"date":"2026-03-18T14:54:04","date_gmt":"2026-03-18T14:54:04","guid":{"rendered":"http:\/\/www.diyarbakirapart.com\/index.php\/carol-john-3\/"},"modified":"2026-03-19T16:46:13","modified_gmt":"2026-03-19T16:46:13","slug":"carol-john-3","status":"publish","type":"page","link":"http:\/\/www.diyarbakirapart.com\/index.php\/carol-john-3\/","title":{"rendered":"Diyarbak\u0131r Apart Otel"},"content":{"rendered":"<p>Klimal\u0131 Do\u011falgazl\u0131 G\u00fcvenli Huzurlu Konaklama D\u0130TA\u015e TUR\u0130ZM Tel:0412 223 14 15 Tel:0553 126 45 55<\/p>\n","protected":false},"excerpt":{"rendered":"<p>Klimal\u0131 Do\u011falgazl\u0131 G\u00fcvenli Huzurlu Konaklama D\u0130TA\u015e TUR\u0130ZM Tel:0412 223 14 15 Tel:0553 126 45 55<\/p>\n","protected":false},"author":1,"featured_media":44,"parent":0,"menu_order":0,"comment_status":"closed","ping_status":"closed","template":"","meta":{"footnotes":""},"class_list":["post-16","page","type-page","status-publish","has-post-thumbnail","hentry"],"_links":{"self":[{"href":"http:\/\/www.diyarbakirapart.com\/index.php\/wp-json\/wp\/v2\/pages\/16","targetHints":{"allow":["GET"]}}],"collection":[{"href":"http:\/\/www.diyarbakirapart.com\/index.php\/wp-json\/wp\/v2\/pages"}],"about":[{"href":"http:\/\/www.diyarbakirapart.com\/index.php\/wp-json\/wp\/v2\/types\/page"}],"author":[{"embeddable":true,"href":"http:\/\/www.diyarbakirapart.com\/index.php\/wp-json\/wp\/v2\/users\/1"}],"replies":[{"embeddable":true,"href":"http:\/\/www.diyarbakirapart.com\/index.php\/wp-json\/wp\/v2\/comments?post=16"}],"version-history":[{"count":0,"href":"http:\/\/www.diyarbakirapart.com\/index.php\/wp-json\/wp\/v2\/pages\/16\/revisions"}],"wp:featuredmedia":[{"embeddable":true,"href":"http:\/\/www.diyarbakirapart.com\/index.php\/wp-json\/wp\/v2\/media\/44"}],"wp:attachment":[{"href":"http:\/\/www.diyarbakirapart.com\/index.php\/wp-json\/wp\/v2\/media?parent=16"}],"curies":[{"name":"wp","href":"https:\/\/api.w.org\/{rel}","templated":true}]}}